{"id":461,"date":"2019-06-24T15:49:28","date_gmt":"2019-06-24T13:49:28","guid":{"rendered":"https:\/\/www.palafitteledro.it\/?page_id=461"},"modified":"2025-07-23T10:34:15","modified_gmt":"2025-07-23T08:34:15","slug":"sommer-2019","status":"publish","type":"page","link":"https:\/\/www.palafitteledro.it\/de\/aktivitaeten-im-museum\/sommer-2019\/","title":{"rendered":"Palafittando 2025"},"content":{"rendered":"<p>Von Juli bis September kehrt Palafittando zur\u00fcck: Veranstaltungen, Aktivit\u00e4ten und Workshops f\u00fcr alle Altersgruppen f\u00fcr einen Sommer mit pr\u00e4historischem Flair.<\/p>\n<p><a href=\"https:\/\/www.palafitteledro.it\/wp-content\/uploads\/2025\/06\/Calendario-Palafitte-2025-mobile.pdf\">\u25b6\ufe0f Laden Sie den Veranstaltungskalender herunter<\/a><\/p>\n<p><img decoding=\"async\" class=\"alignnone size-medium wp-image-868 lazyload\" data-src=\"https:\/\/www.palafitteledro.it\/wp-content\/uploads\/2024\/05\/Muse_Ledro_Palafittiadi2023_MichelePurin_Web_4-810x540.jpg\" alt=\"\" width=\"810\" height=\"540\" data-srcset=\"https:\/\/www.palafitteledro.it\/wp-content\/uploads\/2024\/05\/Muse_Ledro_Palafittiadi2023_MichelePurin_Web_4-810x540.jpg 810w, https:\/\/www.palafitteledro.it\/wp-content\/uploads\/2024\/05\/Muse_Ledro_Palafittiadi2023_MichelePurin_Web_4-1620x1080.jpg 1620w, https:\/\/www.palafitteledro.it\/wp-content\/uploads\/2024\/05\/Muse_Ledro_Palafittiadi2023_MichelePurin_Web_4-768x512.jpg 768w, https:\/\/www.palafitteledro.it\/wp-content\/uploads\/2024\/05\/Muse_Ledro_Palafittiadi2023_MichelePurin_Web_4-1536x1024.jpg 1536w, https:\/\/www.palafitteledro.it\/wp-content\/uploads\/2024\/05\/Muse_Ledro_Palafittiadi2023_MichelePurin_Web_4-2048x1366.jpg 2048w\" data-sizes=\"(max-width: 810px) 100vw, 810px\" src=\"data:image\/svg+xml;base64,PHN2ZyB3aWR0aD0iMSIgaGVpZ2h0PSIxIiB4bWxucz0iaHR0cDovL3d3dy53My5vcmcvMjAwMC9zdmciPjwvc3ZnPg==\" style=\"--smush-placeholder-width: 810px; --smush-placeholder-aspect-ratio: 810\/540;\" \/><\/p>\n","protected":false},"excerpt":{"rendered":"<p>Von Juli bis September kehrt Palafittando zur\u00fcck: Veranstaltungen, Aktivit\u00e4ten und Workshops f\u00fcr alle Altersgruppen f\u00fcr einen Sommer mit pr\u00e4historischem Flair. \u25b6\ufe0f Laden Sie den Veranstaltungskalender herunter<\/p>\n","protected":false},"author":1,"featured_media":0,"parent":459,"menu_order":0,"comment_status":"closed","ping_status":"closed","template":"","meta":{"_acf_changed":false,"footnotes":""},"class_list":["post-461","page","type-page","status-publish","hentry","layouts-intro"],"acf":[],"_links":{"self":[{"href":"https:\/\/www.palafitteledro.it\/de\/wp-json\/wp\/v2\/pages\/461","targetHints":{"allow":["GET"]}}],"collection":[{"href":"https:\/\/www.palafitteledro.it\/de\/wp-json\/wp\/v2\/pages"}],"about":[{"href":"https:\/\/www.palafitteledro.it\/de\/wp-json\/wp\/v2\/types\/page"}],"author":[{"embeddable":true,"href":"https:\/\/www.palafitteledro.it\/de\/wp-json\/wp\/v2\/users\/1"}],"replies":[{"embeddable":true,"href":"https:\/\/www.palafitteledro.it\/de\/wp-json\/wp\/v2\/comments?post=461"}],"version-history":[{"count":5,"href":"https:\/\/www.palafitteledro.it\/de\/wp-json\/wp\/v2\/pages\/461\/revisions"}],"predecessor-version":[{"id":913,"href":"https:\/\/www.palafitteledro.it\/de\/wp-json\/wp\/v2\/pages\/461\/revisions\/913"}],"up":[{"embeddable":true,"href":"https:\/\/www.palafitteledro.it\/de\/wp-json\/wp\/v2\/pages\/459"}],"wp:attachment":[{"href":"https:\/\/www.palafitteledro.it\/de\/wp-json\/wp\/v2\/media?parent=461"}],"curies":[{"name":"wp","href":"https:\/\/api.w.org\/{rel}","templated":true}]}}